{"id":7113,"date":"2019-08-30T00:34:23","date_gmt":"2019-08-29T22:34:23","guid":{"rendered":"http:\/\/www.riadheftli.at\/start\/?page_id=7113"},"modified":"2021-01-19T07:52:19","modified_gmt":"2021-01-19T06:52:19","slug":"downloads","status":"publish","type":"page","link":"https:\/\/www.riadheftli.at\/start\/downloads\/","title":{"rendered":"Downloads"},"content":{"rendered":"<section class=\"l-section wpb_row height_large color_primary with_img parallax_ver with_shape\" id=\"second\"><div class=\"l-section-img\" style=\"background-image: url(https:\/\/www.riadheftli.at\/wp-content\/uploads\/2019\/08\/M\u00e4hdes\u00fc\u00df_2.jpg);\" data-img-width=\"2000\" data-img-height=\"858\"><\/div><div class=\"l-section-shape type_zigzag pos_bottom\" style=\"color:#ffffff;\"><svg xmlns=\"http:\/\/www.w3.org\/2000\/svg\" viewBox=\"0 0 64 8\" preserveAspectRatio=\"none\" width=\"100%\" height=\"100%\">\r\n\t<path fill=\"currentColor\" d=\"M64 8 L0 8 L0 0 L20 7.9 L40 3 L48 5 L64 0 Z\"\/>\r\n<\/svg><\/div><div class=\"l-section-h i-cf\"><div class=\"g-cols vc_row type_default valign_top\"><div class=\"vc_col-sm-12 wpb_column vc_column_container\"><div class=\"vc_column-inner\"><div class=\"wpb_wrapper\"><div class=\"w-separator size_huge\"><\/div><div class=\"w-separator size_huge\"><\/div><div class=\"w-separator size_custom\" style=\"height:8vh\"><\/div><\/div><\/div><\/div><\/div><\/div><\/section><section class=\"l-section wpb_row us_custom_1dd38a2c height_medium\"><div class=\"l-section-h i-cf\"><div class=\"g-cols vc_row type_default valign_top\"><div class=\"vc_col-sm-3 wpb_column vc_column_container\"><div class=\"vc_column-inner\"><div class=\"wpb_wrapper\"><div class=\"wpb_text_column\" ><div class=\"wpb_wrapper\"><\/div><\/div><\/div><\/div><\/div><div class=\"vc_col-sm-6 wpb_column vc_column_container\"><div class=\"vc_column-inner\"><div class=\"wpb_wrapper\"><div class=\"wpb_text_column\" ><div class=\"wpb_wrapper\"><h1 style=\"text-align: center;\">Downloads<\/h1>\n<\/div><\/div><div class=\"w-separator size_medium\"><\/div><div class=\"wpb_text_column\" ><div class=\"wpb_wrapper\"><p style=\"text-align: center;\">W\u00e4hle ein Thema aus und klicke auf Download.<b><br \/>\n<\/b><\/p>\n<\/div><\/div><div class=\"w-separator size_medium\"><\/div><div class=\"w-actionbox us_custom_72127972 color_primary controls_right\"><div class=\"w-actionbox-text\"><h5 style=\"font-size:18;\">Riad Heftli (komplett)<\/h5><\/div><div class=\"w-actionbox-controls\"><a class=\"w-btn us-btn-style_15 icon_atleft\" target=\"_blank\" href=\"https:\/\/www.riadheftli.at\/wp-content\/uploads\/2019\/08\/Riadheftli-komplett.pdf\" rel=\"noopener\" style=\"font-size:25;\"><i class=\"fas fa-download\"><\/i><span class=\"w-btn-label\">Download<\/span><\/a><\/div><\/div><div class=\"w-separator size_small\"><\/div><div class=\"w-actionbox us_custom_15daf8fb color_primary controls_right\"><div class=\"w-actionbox-text\"><h5>Das Ried und seine Regeln<\/h5><\/div><div class=\"w-actionbox-controls\"><a class=\"w-btn us-btn-style_15 icon_atleft\" target=\"_blank\" href=\"https:\/\/www.riadheftli.at\/wp-content\/uploads\/2019\/08\/Riadheftli-1-Das-Ried.pdf\" rel=\"noopener\" style=\"font-size:16;\"><i class=\"fas fa-download\"><\/i><span class=\"w-btn-label\">Download<\/span><\/a><\/div><\/div><div class=\"w-separator size_small\"><\/div><div class=\"w-actionbox us_custom_3cd925e2 color_primary controls_right\"><div class=\"w-actionbox-text\"><h5>Ried Plan<\/h5><\/div><div class=\"w-actionbox-controls\"><a class=\"w-btn us-btn-style_15 icon_atleft\" target=\"_blank\" href=\"https:\/\/www.riadheftli.at\/wp-content\/uploads\/2019\/08\/Riadheftli-2-Riedplan.pdf\" rel=\"noopener\" style=\"font-size:25;\"><i class=\"fas fa-download\"><\/i><span class=\"w-btn-label\">Download<\/span><\/a><\/div><\/div><div class=\"w-separator size_small\"><\/div><div class=\"w-actionbox us_custom_ce98b7a5 color_primary controls_right\"><div class=\"w-actionbox-text\"><h5>Ausprobieren und Basteln<\/h5><\/div><div class=\"w-actionbox-controls\"><a class=\"w-btn us-btn-style_15 icon_atleft\" target=\"_blank\" href=\"https:\/\/www.riadheftli.at\/wp-content\/uploads\/2019\/08\/Riadheftli-3-Ausprobieren-Basteln.pdf\" rel=\"noopener\" style=\"font-size:25;\"><i class=\"fas fa-download\"><\/i><span class=\"w-btn-label\">Download<\/span><\/a><\/div><\/div><div class=\"w-separator size_small\"><\/div><div class=\"w-actionbox us_custom_a06fdef7 color_primary controls_right\"><div class=\"w-actionbox-text\"><h5>Spurensuche im Winter<\/h5><\/div><div class=\"w-actionbox-controls\"><a class=\"w-btn us-btn-style_15 icon_atleft\" target=\"_blank\" href=\"https:\/\/www.riadheftli.at\/wp-content\/uploads\/2019\/08\/Riadheftli-4-Spurensuche-Winter.pdf\" rel=\"noopener\" style=\"font-size:25;\"><i class=\"fas fa-download\"><\/i><span class=\"w-btn-label\">Download<\/span><\/a><\/div><\/div><div class=\"w-separator size_small\"><\/div><div class=\"w-actionbox us_custom_f59bd335 color_primary controls_right\"><div class=\"w-actionbox-text\"><h5>Spurensuche im Sommer<\/h5><\/div><div class=\"w-actionbox-controls\"><a class=\"w-btn us-btn-style_15 icon_atleft\" target=\"_blank\" href=\"https:\/\/www.riadheftli.at\/wp-content\/uploads\/2019\/08\/Riadheftli-5-Spurensuche-Sommer.pdf\" rel=\"noopener\" style=\"font-size:25;\"><i class=\"fas fa-download\"><\/i><span class=\"w-btn-label\">Download<\/span><\/a><\/div><\/div><div class=\"w-separator size_small\"><\/div><div class=\"w-actionbox us_custom_f11e1930 color_primary controls_right\"><div class=\"w-actionbox-text\"><h5>Pflanzen<\/h5><\/div><div class=\"w-actionbox-controls\"><a class=\"w-btn us-btn-style_15 icon_atleft\" href=\"https:\/\/www.riadheftli.at\/wp-content\/uploads\/2019\/08\/Riadheftli-6-Pflanzen.pdf\" style=\"font-size:25;\"><i class=\"fas fa-download\"><\/i><span class=\"w-btn-label\">Download<\/span><\/a><\/div><\/div><div class=\"w-separator size_small\"><\/div><div class=\"w-actionbox us_custom_f97cef2b color_primary controls_right\"><div class=\"w-actionbox-text\"><h5>Pflanzen Sch\u00f6nheiten<\/h5><\/div><div class=\"w-actionbox-controls\"><a class=\"w-btn us-btn-style_15 icon_atleft\" target=\"_blank\" href=\"https:\/\/www.riadheftli.at\/wp-content\/uploads\/2019\/08\/Riadheftli-7-Pflanzen-Sch\u00f6nheiten.pdf\" rel=\"noopener\" style=\"font-size:25;\"><i class=\"fas fa-download\"><\/i><span class=\"w-btn-label\">Download<\/span><\/a><\/div><\/div><div class=\"w-separator size_small\"><\/div><div class=\"w-actionbox us_custom_aec2cc5e color_primary controls_right\"><div class=\"w-actionbox-text\"><h5>Seltene V\u00f6gel<\/h5><\/div><div class=\"w-actionbox-controls\"><a class=\"w-btn us-btn-style_15 icon_atleft\" target=\"_blank\" href=\"https:\/\/www.riadheftli.at\/wp-content\/uploads\/2019\/08\/Riadheftli-8-Seltene-V\u00f6gel.pdf\" rel=\"noopener\" style=\"font-size:25;\"><i class=\"fas fa-download\"><\/i><span class=\"w-btn-label\">Download<\/span><\/a><\/div><\/div><div class=\"w-separator size_small\"><\/div><div class=\"w-actionbox us_custom_7a7a2106 color_primary controls_right\"><div class=\"w-actionbox-text\"><h5>V\u00f6gel im Ried<\/h5><\/div><div class=\"w-actionbox-controls\"><a class=\"w-btn us-btn-style_15 icon_atleft\" target=\"_blank\" href=\"https:\/\/www.riadheftli.at\/wp-content\/uploads\/2019\/08\/Riadheftli-9-V\u00f6gel-im-Riad.pdf\" rel=\"noopener\" style=\"font-size:25;\"><i class=\"fas fa-download\"><\/i><span class=\"w-btn-label\">Download<\/span><\/a><\/div><\/div><div class=\"w-separator size_small\"><\/div><div class=\"w-actionbox us_custom_dc635eb2 color_primary controls_right\"><div class=\"w-actionbox-text\"><h5>Tierwelt im Ried<\/h5><\/div><div class=\"w-actionbox-controls\"><a class=\"w-btn us-btn-style_15 icon_atleft\" target=\"_blank\" href=\"https:\/\/www.riadheftli.at\/wp-content\/uploads\/2019\/08\/Riadheftli-10-Tierwelt.pdf\" rel=\"noopener\" style=\"font-size:25;\"><i class=\"fas fa-download\"><\/i><span class=\"w-btn-label\">Download<\/span><\/a><\/div><\/div><div class=\"w-separator size_small\"><\/div><div class=\"w-actionbox us_custom_a4c14579 color_primary controls_right\"><div class=\"w-actionbox-text\"><h5>Amphibien und Reptilien<\/h5><\/div><div class=\"w-actionbox-controls\"><a class=\"w-btn us-btn-style_15 icon_atleft\" target=\"_blank\" href=\"https:\/\/www.riadheftli.at\/wp-content\/uploads\/2019\/08\/Riadheftli-11-Amphibien-Reptilien.pdf\" rel=\"noopener\" style=\"font-size:25;\"><i class=\"fas fa-download\"><\/i><span class=\"w-btn-label\">Download<\/span><\/a><\/div><\/div><div class=\"w-separator size_small\"><\/div><div class=\"w-actionbox us_custom_c84e2f1c color_primary controls_right\"><div class=\"w-actionbox-text\"><h5>Insekten<\/h5><\/div><div class=\"w-actionbox-controls\"><a class=\"w-btn us-btn-style_15 icon_atleft\" target=\"_blank\" href=\"https:\/\/www.riadheftli.at\/wp-content\/uploads\/2019\/08\/Riadheftli-12-13-Insekten.pdf\" rel=\"noopener\" style=\"font-size:25;\"><i class=\"fas fa-download\"><\/i><span class=\"w-btn-label\">Download<\/span><\/a><\/div><\/div><div class=\"w-separator size_small\"><\/div><div class=\"w-actionbox us_custom_bb240a6d color_primary controls_right\"><div class=\"w-actionbox-text\"><h5>Mehr als 8 Beine<\/h5><\/div><div class=\"w-actionbox-controls\"><a class=\"w-btn us-btn-style_15 icon_atleft\" target=\"_blank\" href=\"https:\/\/www.riadheftli.at\/wp-content\/uploads\/2019\/08\/Riadheftli-14-MehralsachtBeine.pdf\" rel=\"noopener\" style=\"font-size:25;\"><i class=\"fas fa-download\"><\/i><span class=\"w-btn-label\">Download<\/span><\/a><\/div><\/div><div class=\"w-separator size_small\"><\/div><div class=\"w-actionbox us_custom_0cbbec00 color_primary controls_right\"><div class=\"w-actionbox-text\"><h5>Riedbegriffe raten<\/h5><\/div><div class=\"w-actionbox-controls\"><a class=\"w-btn us-btn-style_15 icon_atleft\" target=\"_blank\" href=\"https:\/\/www.riadheftli.at\/wp-content\/uploads\/2019\/08\/Riadheftli-15-Riedbegriffe.pdf\" rel=\"noopener\" style=\"font-size:25;\"><i class=\"fas fa-download\"><\/i><span class=\"w-btn-label\">Download<\/span><\/a><\/div><\/div><div class=\"w-separator size_small\"><\/div><div class=\"w-actionbox us_custom_d309949a color_primary controls_right\"><div class=\"w-actionbox-text\"><h5>Geschichten von Monstern<\/h5><\/div><div class=\"w-actionbox-controls\"><a class=\"w-btn us-btn-style_15 icon_atleft\" target=\"_blank\" href=\"https:\/\/www.riadheftli.at\/wp-content\/uploads\/2019\/08\/Riadheftli-16-Gl\u00fcckwunsch-Monster.pdf\" rel=\"noopener\" style=\"font-size:25;\"><i class=\"fas fa-download\"><\/i><span class=\"w-btn-label\">Download<\/span><\/a><\/div><\/div><\/div><\/div><\/div><div class=\"vc_col-sm-3 wpb_column vc_column_container\"><div class=\"vc_column-inner\"><div class=\"wpb_wrapper\"><\/div><\/div><\/div><\/div><\/div><\/section><section class=\"l-section wpb_row height_auto\"><div class=\"l-section-h i-cf\"><div class=\"g-cols vc_row type_default valign_top\"><div class=\"vc_col-sm-12 wpb_column vc_column_container\"><div class=\"vc_column-inner\"><div class=\"wpb_wrapper\"><div class=\"w-image align_center\"><div class=\"w-image-h\"><img width=\"700\" height=\"136\" src=\"https:\/\/www.riadheftli.at\/wp-content\/uploads\/2019\/08\/Trenner-Kopie.png\" class=\"attachment-full size-full\" alt=\"\" decoding=\"async\" loading=\"lazy\" srcset=\"https:\/\/www.riadheftli.at\/wp-content\/uploads\/2019\/08\/Trenner-Kopie.png 700w, https:\/\/www.riadheftli.at\/wp-content\/uploads\/2019\/08\/Trenner-Kopie-300x58.png 300w\" sizes=\"(max-width: 700px) 100vw, 700px\" \/><\/div><\/div><div class=\"w-separator size_medium\"><\/div><div class=\"w-separator size_medium\"><\/div><\/div><\/div><\/div><div class=\"vc_col-sm-12 wpb_column vc_column_container\"><div class=\"vc_column-inner\"><div class=\"wpb_wrapper\"><\/div><\/div><\/div><\/div><\/div><\/section><section class=\"l-section wpb_row height_medium color_custom\" id=\"fourth\"><div class=\"l-section-h i-cf\"><div class=\"g-cols vc_row type_default valign_top\"><div class=\"vc_col-sm-12 wpb_column vc_column_container\"><div class=\"vc_column-inner\"><div class=\"wpb_wrapper\"><div class=\"wpb_text_column\" ><div class=\"wpb_wrapper\"><h4 style=\"text-align: center;\"><strong>Du hast noch Fragen?<\/strong><br \/>\nKontaktiere uns unter <a href=\"mailto:fragen@riadheftli.at\">fragen@riadheftli.at<\/a>.<\/h4>\n<\/div><\/div><\/div><\/div><\/div><\/div><\/div><\/section>\n","protected":false},"excerpt":{"rendered":"Downloads W\u00e4hle ein Thema aus und klicke auf Download. Riad Heftli (komplett)DownloadDas Ried und seine RegelnDownloadRied PlanDownloadAusprobieren und BastelnDownloadSpurensuche im WinterDownloadSpurensuche im SommerDownloadPflanzenDownloadPflanzen Sch\u00f6nheitenDownloadSeltene V\u00f6gelDownloadV\u00f6gel im RiedDownloadTierwelt im RiedDownloadAmphibien und ReptilienDownloadInsektenDownloadMehr als 8 BeineDownloadRiedbegriffe ratenDownloadGeschichten von MonsternDownload Du hast noch Fragen? Kontaktiere uns unter fragen@riadheftli.at.","protected":false},"author":2,"featured_media":0,"parent":0,"menu_order":0,"comment_status":"closed","ping_status":"closed","template":"","meta":{"footnotes":""},"_links":{"self":[{"href":"https:\/\/www.riadheftli.at\/start\/wp-json\/wp\/v2\/pages\/7113"}],"collection":[{"href":"https:\/\/www.riadheftli.at\/start\/wp-json\/wp\/v2\/pages"}],"about":[{"href":"https:\/\/www.riadheftli.at\/start\/wp-json\/wp\/v2\/types\/page"}],"author":[{"embeddable":true,"href":"https:\/\/www.riadheftli.at\/start\/wp-json\/wp\/v2\/users\/2"}],"replies":[{"embeddable":true,"href":"https:\/\/www.riadheftli.at\/start\/wp-json\/wp\/v2\/comments?post=7113"}],"version-history":[{"count":26,"href":"https:\/\/www.riadheftli.at\/start\/wp-json\/wp\/v2\/pages\/7113\/revisions"}],"predecessor-version":[{"id":7167,"href":"https:\/\/www.riadheftli.at\/start\/wp-json\/wp\/v2\/pages\/7113\/revisions\/7167"}],"wp:attachment":[{"href":"https:\/\/www.riadheftli.at\/start\/wp-json\/wp\/v2\/media?parent=7113"}],"curies":[{"name":"wp","href":"https:\/\/api.w.org\/{rel}","templated":true}]}}